{"id":8,"date":"2018-04-29T14:36:59","date_gmt":"2018-04-29T14:36:59","guid":{"rendered":"http:\/\/najwidoczniej.com\/?page_id=8"},"modified":"2022-01-05T10:19:28","modified_gmt":"2022-01-05T10:19:28","slug":"strona-glowna","status":"publish","type":"page","link":"https:\/\/najwidoczniej.com\/","title":{"rendered":"NAJWIDOCZNIEJ.COM"},"content":{"rendered":"<p dir=\"auto\">Jeste\u015bmy Agencj\u0105 Impresaryjno Reklamow\u0105 ze \u015al\u0105ska.<br \/>Swoje us\u0142ugi \u015bwiadczymy od 2016 roku.<br \/>Kr\u00f3tki sta\u017c nadrabiamy pracowito\u015bci\u0105, rzetelno\u015bci\u0105 oraz ludzkim podej\u015bciem do Klienta.<br \/>W tym czasie uda\u0142o nam si\u0119 zgromadzi\u0107 grono zadowolonych Klient\u00f3w, kt\u00f3re wci\u0105\u017c si\u0119 powi\u0119ksza.<br \/>Zajmujemy si\u0119 obs\u0142ug\u0105 medi\u00f3w spo\u0142eczno\u015bciowych takich jak Facebook i Instagram.<br \/>Je\u015bli lubisz niekonwencjonalne pomys\u0142y na kampanie reklamowe, potrzebujesz gad\u017cet\u00f3w reklamowych b\u0105d\u017a odzie\u017cy firmowej &#8211; to jeste\u015b we w\u0142a\u015bciwym miejscu.<br \/>A to wszystko w najlepszej cenie!<br \/><strong>NAJWIDOCZNIEJ &#8211; trafi\u0142e\u015b najlepiej!<\/strong><br \/>Serdecznie zapraszamy do kontaktu: kontakt@najwidoczniej.com<\/p>\n\n\n<p><\/p>\n","protected":false},"excerpt":{"rendered":"<p>Jeste\u015bmy Agencj\u0105 Impresaryjno Reklamow\u0105 ze \u015al\u0105ska.Swoje us\u0142ugi \u015bwiadczymy od 2016 roku.Kr\u00f3tki sta\u017c nadrabiamy pracowito\u015bci\u0105, rzetelno\u015bci\u0105 oraz ludzkim podej\u015bciem do Klienta.W tym czasie uda\u0142o nam si\u0119 zgromadzi\u0107 grono zadowolonych Klient\u00f3w, kt\u00f3re wci\u0105\u017c si\u0119 powi\u0119ksza.Zajmujemy si\u0119 obs\u0142ug\u0105 medi\u00f3w spo\u0142eczno\u015bciowych takich jak Facebook i Instagram.Je\u015bli lubisz niekonwencjonalne pomys\u0142y na kampanie reklamowe, potrzebujesz gad\u017cet\u00f3w reklamowych b\u0105d\u017a odzie\u017cy firmowej &#8211;<\/p>\n","protected":false},"author":1,"featured_media":67,"parent":0,"menu_order":0,"comment_status":"closed","ping_status":"closed","template":"","meta":{"footnotes":""},"_links":{"self":[{"href":"https:\/\/najwidoczniej.com\/index.php\/wp-json\/wp\/v2\/pages\/8"}],"collection":[{"href":"https:\/\/najwidoczniej.com\/index.php\/wp-json\/wp\/v2\/pages"}],"about":[{"href":"https:\/\/najwidoczniej.com\/index.php\/wp-json\/wp\/v2\/types\/page"}],"author":[{"embeddable":true,"href":"https:\/\/najwidoczniej.com\/index.php\/wp-json\/wp\/v2\/users\/1"}],"replies":[{"embeddable":true,"href":"https:\/\/najwidoczniej.com\/index.php\/wp-json\/wp\/v2\/comments?post=8"}],"version-history":[{"count":6,"href":"https:\/\/najwidoczniej.com\/index.php\/wp-json\/wp\/v2\/pages\/8\/revisions"}],"predecessor-version":[{"id":122,"href":"https:\/\/najwidoczniej.com\/index.php\/wp-json\/wp\/v2\/pages\/8\/revisions\/122"}],"wp:featuredmedia":[{"embeddable":true,"href":"https:\/\/najwidoczniej.com\/index.php\/wp-json\/wp\/v2\/media\/67"}],"wp:attachment":[{"href":"https:\/\/najwidoczniej.com\/index.php\/wp-json\/wp\/v2\/media?parent=8"}],"curies":[{"name":"wp","href":"https:\/\/api.w.org\/{rel}","templated":true}]}}